{"id":12946,"date":"2022-01-06T13:58:45","date_gmt":"2022-01-06T11:58:45","guid":{"rendered":"https:\/\/ardesia.ee\/?page_id=12946"},"modified":"2022-01-06T14:13:06","modified_gmt":"2022-01-06T12:13:06","slug":"shipping-policy","status":"publish","type":"page","link":"https:\/\/ardesia.ee\/et\/shipping-policy\/","title":{"rendered":"Kohaletoimetamine"},"content":{"rendered":"<div class=\"wpb-content-wrapper\"><div class=\"vc_row wpb_row vc_row-fluid\"><div class=\"wpb_column vc_column_container vc_col-sm-12\"><div class=\"vc_column-inner\"><div class=\"wpb_wrapper\">\n\t<div class=\"wpb_text_column wpb_content_element\" >\n\t\t<div class=\"wpb_wrapper\">\n\t\t\t<h2>Tarne- ja kohaletoimetamispoliitika<\/h2>\n<p>1. \u00dcldteave<br \/>\nK\u00f5ik tellimused s\u00f5ltuvad toodete saadavusest. Kui kaupa ei ole tellimuse esitamise hetkel laos, teavitame teid sellest ja tagastame teile tellimuse kogusumma, kasutades algset makseviisi.<\/p>\n<p>2. Tarnekoht<br \/>\nMeie veebisaidil pakutavad kaubad on saadaval ainult Eesti piires kohaletoimetamiseks. V\u00e4ljaspool Eesti Vabariiki saadetisi hetkel ei saa.<\/p>\n<p>3. Tarneaeg<br \/>\nHinnanguline tarneaeg antakse teile p\u00e4rast tellimuse esitamist. Tarneajad on hinnangulised ja algavad tarnekuup\u00e4evast, mitte tellimuse kuup\u00e4evast. Tarneaegu tuleb kasutada ainult suunavana ja need s\u00f5ltuvad teie tellimuse vastuv\u00f5tmisest ja kinnitamisest.<\/p>\n<p>Kui ei esine erandlikke asjaolusid, teeme k\u00f5ik endast oleneva, et teie tellimus seespool t\u00e4ita <strong>2-3 t\u00f6\u00f6p\u00e4eva<\/strong> alates teie tellimuse kuup\u00e4evast. T\u00f6\u00f6p\u00e4ev t\u00e4hendab esmasp\u00e4evast reedeni, v\u00e4lja arvatud p\u00fchad.<\/p>\n<p><strong>Tuletame meelde, et me ei saada tellimused n\u00e4dalavahetustel.<\/strong><\/p>\n<p>Kohaletoimetamise kuup\u00e4ev v\u00f5ib Omniva tarnetavadest, kohaletoimetamise asukohast, kohaletoimetamise viisist ja tellitud asjadest olenevalt erineda. Tooteid v\u00f5ib tarnida ka eraldi saadetisena.<\/p>\n<p>4. Kohaletoimetamise juhised<br \/>\nSpetsiaalseid tarnejuhiseid saate esitada meie veebisaidi v\u00e4ljaregistreerimise lehel.<\/p>\n<p>5. Saatekulud<br \/>\nSaatmiskulud p\u00f5hinevad teie tellimuse kaalul ja tarneviisil. Et teada saada, kui palju teie tellimus maksab, lisage kaubad, mida soovite osta, ostukorvi ja liikuge kassalehele. Kui olete kassaekraanil, kuvatakse Omniva saatmiskulud.<\/p>\n<p>Kaugemates piirkondades v\u00f5i suurte v\u00f5i raskete esemete puhul v\u00f5ivad kehtida lisatasud. Teid teavitatakse k\u00f5igist tasudest kassalehel.<\/p>\n<p>6. Kahjustatud tooted transpordis<br \/>\nKui kohaletoimetamisel on pakendil kahjustusi, v\u00f5tke meiega koheselt \u00fchendust aadressil info@ardesia.ee.<\/p>\n<p>7. K\u00fcsimused<br \/>\nKui teil on tarne ja saatmise v\u00f5i tellimuse kohta k\u00fcsimusi, v\u00f5tke meiega \u00fchendust.<\/p>\n\n\t\t<\/div>\n\t<\/div>\n<\/div><\/div><\/div><\/div>\n<\/div>","protected":false},"excerpt":{"rendered":"Shipping &amp; Delivery Policy 1. General Information All orders are subject to product availability. If an item is not in stock at the time you place your order, we will notify you and refund you the total amount of your order, using the original method of payment. 2. Delivery Location Items offered on our website [...]","protected":false},"author":1,"featured_media":0,"parent":0,"menu_order":0,"comment_status":"closed","ping_status":"closed","template":"","meta":{"_acf_changed":false,"footnotes":""},"class_list":["post-12946","page","type-page","status-publish","hentry"],"acf":[],"_links":{"self":[{"href":"https:\/\/ardesia.ee\/et\/wp-json\/wp\/v2\/pages\/12946","targetHints":{"allow":["GET"]}}],"collection":[{"href":"https:\/\/ardesia.ee\/et\/wp-json\/wp\/v2\/pages"}],"about":[{"href":"https:\/\/ardesia.ee\/et\/wp-json\/wp\/v2\/types\/page"}],"author":[{"embeddable":true,"href":"https:\/\/ardesia.ee\/et\/wp-json\/wp\/v2\/users\/1"}],"replies":[{"embeddable":true,"href":"https:\/\/ardesia.ee\/et\/wp-json\/wp\/v2\/comments?post=12946"}],"version-history":[{"count":0,"href":"https:\/\/ardesia.ee\/et\/wp-json\/wp\/v2\/pages\/12946\/revisions"}],"wp:attachment":[{"href":"https:\/\/ardesia.ee\/et\/wp-json\/wp\/v2\/media?parent=12946"}],"curies":[{"name":"wp","href":"https:\/\/api.w.org\/{rel}","templated":true}]}}