{"id":12962,"date":"2022-01-10T21:11:58","date_gmt":"2022-01-10T19:11:58","guid":{"rendered":"https:\/\/ardesia.ee\/?page_id=12962"},"modified":"2022-01-10T21:15:44","modified_gmt":"2022-01-10T19:15:44","slug":"ardesia-cookie-policy","status":"publish","type":"page","link":"https:\/\/ardesia.ee\/et\/ardesia-cookie-policy\/","title":{"rendered":"Ardesia k\u00fcpsiste kasutamise tingimused"},"content":{"rendered":"<div class=\"wpb-content-wrapper\"><div class=\"vc_row wpb_row vc_row-fluid\"><div class=\"wpb_column vc_column_container vc_col-sm-12\"><div class=\"vc_column-inner\"><div class=\"wpb_wrapper\">\n\t<div class=\"wpb_text_column wpb_content_element\" >\n\t\t<div class=\"wpb_wrapper\">\n\t\t\t<h2>Ardesia k\u00fcpsiste kasutamise tingimused<\/h2>\n<p>Selleks, et pakkuda Sulle parimat v\u00f5imalikku kasutuskogemust meie veebilehel, kasutame me k\u00fcpsiseid.<\/p>\n<p><strong>Mis on k\u00fcpsis?<\/strong><\/p>\n<p>K\u00fcpsis (cookie) on v\u00e4ike tekstifail, mis salvestatakse veeblehte k\u00fclastades Sinu seadmesse.<\/p>\n<p><strong>Milleks me k\u00fcpsiseid kasutame?<\/strong>T\u00e4nu k\u00fcpsiste kasutamisele saame pakkuda paremat kasutuskogemust veebilehel, n\u00e4iteks aitavad k\u00fcpsised meelde j\u00e4tta sinu varasemaid k\u00fclastusi ja veebilehel tehtud valikuid. Veebilehte kasutades n\u00f5ustud sellega, et kasutame k\u00fcpsiseid:<\/p>\n<ul>\n<li>kasutusharjumuste ja statistiliste andmete kogumiseks<\/li>\n<li>parema klienditeeninduse pakkumiseks (online chat)<\/li>\n<li>kasutaja eelistuste ja seadistuste meelde j\u00e4tmiseks<\/li>\n<li>kasutaja vajadustele sobivamate pakkumiste ja turundusteadete esitamiseks<\/li>\n<li>Ardesia lehel oleva sisu lihtsamaks jagamiseks sotsiaalmeedias<\/li>\n<li>kasutaja vajadustele sobivamate pakkumiste ja turundusteadete esitamiseks<\/li>\n<li>sisse logimiseks, lehe isikustamiseks ja vormide t\u00e4itmiseks<\/li>\n<li>sisu pakkumiseks (Youtube, Google maps)<\/li>\n<\/ul>\n<p><strong><br \/>\nMis t\u00fc\u00fcpi k\u00fcpsiseid kasutame?<\/strong><\/p>\n<p><strong><em>Sessioonik\u00fcpsised<\/em><\/strong><br \/>\nSessioonik\u00fcpsiseid ehk ajutised k\u00fcpsised - kasutatakse iga kord, kui meie veebilehte k\u00fclastad ja need kustutatakse p\u00e4rast veebilehitseja sulgemist. Ajutisi k\u00fcpsiseid kasutatakse n\u00e4iteks v\u00f5rgulehe keelevaliku, ostukorvi sisu meelde j\u00e4tmiseks.<\/p>\n<p><strong><em>P\u00fcsivad k\u00fcpsised<\/em><\/strong><br \/>\nP\u00fcsivad k\u00fcpsised j\u00e4\u00e4vad kasutaja seadmesse alles ka p\u00e4rast veebilehe sulgemist. P\u00fcsivatel k\u00fcpsistel on erinev aegumisperiood ning m\u00f5ned neist j\u00e4\u00e4vad kasutaja seadmesse p\u00e4evadeks, kuudeks v\u00f5i isegi aastateks. P\u00fcsivaid k\u00fcpsiseid kasutatakse n\u00e4iteks kasutaja eelistuste meelde j\u00e4tmiseks ning kasutajanime ja parooli salvestamiseks, et kasutaja ei peaks iga k\u00fclastusega uuesti sisse logima.<\/p>\n<p><strong><em>Kolmandate osapoolte k\u00fcpsised<\/em><\/strong><br \/>\nArdesia lehel kasutatakse kvaliteetsema sisu pakkumise, statistika kogumise ja reklaamide n\u00e4itamise eesm\u00e4rgil kolmandate osapoolte k\u00fcpsiseid. Kolmandate osapoolte privaatsuspoliitika ja tingimustega saate tutvuda k\u00fcpsise tootja lehel.<\/p>\n<p>Kolmandate osapoolte k\u00fcpsiste nimekiri:<\/p>\n<ul>\n<li>Facebooki k\u00fcpsiste tingimustega saad tutvuda:\nhttps:\/\/www.facebook.com\/policies\/cookies\/<\/li>\n<li>Google\u2019i k\u00fcpsiste tingimustega saad tutvuda: https:\/\/www.google.com\/policies\/technologies\/cookies\/<\/li>\n<li>Zendesk\u2019i k\u00fcpsiste tingimustega saad tutvuda: https:\/\/www.zendesk.com\/company\/customers-partners\/cookie-policy\/<\/li>\n<li>Vimeo k\u00fcpsiste tingimustega saad tutvuda: https:\/\/vimeo.com\/cookie_policy<\/li>\n<\/ul>\n<p><strong><br \/>\nKuidas k\u00fcpsiste kasutamist piirata ja neid kustutada?<\/strong><\/p>\n<p>Kasutaja saab kustutada seadmesse salvestatud k\u00fcpsised ja ennetavalt v\u00e4ltida k\u00fcpsiste salvestamist tema seadmesse. Selleks tuleb kasutajal muuta veebilehitseja privaatsusseadeid. T\u00e4psemalt juhised leiab veebilehitseja kasutusjuhendist. NB! k\u00fcpsiste blokeerimise korral ei saa me tagada kodulehe korrektset toimimist.<\/p>\n<p>K\u00fcpsiste kohta saab rohkem teavet veebilehelt:\u00a0<a href=\"http:\/\/www.youronlinechoices.com\/ee\/\" target=\"_blank\" rel=\"noopener\">http:\/\/www.youronlinechoices.com\/<\/a><\/p>\n\n\t\t<\/div>\n\t<\/div>\n<\/div><\/div><\/div><\/div>\n<\/div>","protected":false},"excerpt":{"rendered":"Ardesia cookie policy We use cookies to provide you a better user experience on our website; for instance, cookies allow us to remember your past visits, as well as choices you have made on the website. What is a cookie? Cookies are small text files that are stored on your device when you visit the [...]","protected":false},"author":1,"featured_media":0,"parent":0,"menu_order":0,"comment_status":"closed","ping_status":"closed","template":"","meta":{"_acf_changed":false,"footnotes":""},"class_list":["post-12962","page","type-page","status-publish","hentry"],"acf":[],"_links":{"self":[{"href":"https:\/\/ardesia.ee\/et\/wp-json\/wp\/v2\/pages\/12962","targetHints":{"allow":["GET"]}}],"collection":[{"href":"https:\/\/ardesia.ee\/et\/wp-json\/wp\/v2\/pages"}],"about":[{"href":"https:\/\/ardesia.ee\/et\/wp-json\/wp\/v2\/types\/page"}],"author":[{"embeddable":true,"href":"https:\/\/ardesia.ee\/et\/wp-json\/wp\/v2\/users\/1"}],"replies":[{"embeddable":true,"href":"https:\/\/ardesia.ee\/et\/wp-json\/wp\/v2\/comments?post=12962"}],"version-history":[{"count":0,"href":"https:\/\/ardesia.ee\/et\/wp-json\/wp\/v2\/pages\/12962\/revisions"}],"wp:attachment":[{"href":"https:\/\/ardesia.ee\/et\/wp-json\/wp\/v2\/media?parent=12962"}],"curies":[{"name":"wp","href":"https:\/\/api.w.org\/{rel}","templated":true}]}}