{"id":12965,"date":"2022-01-10T21:34:50","date_gmt":"2022-01-10T19:34:50","guid":{"rendered":"https:\/\/ardesia.ee\/?page_id=12965"},"modified":"2022-01-10T21:40:21","modified_gmt":"2022-01-10T19:40:21","slug":"shopping-and-payment-methods","status":"publish","type":"page","link":"https:\/\/ardesia.ee\/et\/shopping-and-payment-methods\/","title":{"rendered":"Ostuinfo ja Maksmisviisid"},"content":{"rendered":"<div class=\"wpb-content-wrapper\"><div class=\"vc_row wpb_row vc_row-fluid\"><div class=\"wpb_column vc_column_container vc_col-sm-12\"><div class=\"vc_column-inner\"><div class=\"wpb_wrapper\">\n\t<div class=\"wpb_text_column wpb_content_element\" >\n\t\t<div class=\"wpb_wrapper\">\n\t\t\t<h2>Ostuinfo ja Maksmisviisid<\/h2>\n<h3>Miks osta Ardesiast?<\/h3>\n<ul>\n<li>Suurim teenuste ja kaubavalik ning parimad hinnad<\/li>\n<li>Usaldusv\u00e4\u00e4rne ja tuntud kaubam\u00e4rk \u2013 suurim autolammutus Eestis!<\/li>\n<\/ul>\n<h3>Kuidas osta?<\/h3>\n<p><strong>Ardesia veebipoest on lihtne osta<\/strong><br \/>\nKui olete registreerunud kasutaja, saate meilt igakuiselt p\u00fcsikliendi pakkumisi ning Teie andmed on ostukorvis eelt\u00e4idetud. Samuti aitab just p\u00fcsikliendile loodud keskkond \"Minu Ardesia\" hoida silma peal ostuajalool, taotleda ostetud toodetele kasutusjuhendeid, arveid ning leida just Teile sobivad uued tooted ning pakkumised.<\/p>\n<p>\u2022\u00a0<strong>Valige toode - <\/strong>soovitud tooteni j\u00f5udmiseks valige tootemen\u00fc\u00fcst kategooria v\u00f5i kasutage otsingut.<br \/>\n\u2022\u00a0<strong>Lisage ostukorvi -\u00a0<\/strong>kui soovite e-poes veel ringi vaadata valige \u201cJ\u00e4tkan ostlemist\u201d- kui mitte, valige \u201cVormista tellimus\u201d. Ostukorvis on Teil v\u00f5imalik soetada juurde lisateenuseid (Lisagarantii, Paigaldus, Vana toote \u00e4ravedu jt.).<br \/>\n\u2022\u00a0<strong>T\u00e4itke kontaktandmete v\u00e4ljad<\/strong>\u00a0ning valige tarneviis, P\u00fcsikliendil on andmed eelt\u00e4idetud.<br \/>\n\u2022\u00a0<strong>Valige makseviis -\u00a0<\/strong>online-banking by Swedbank, Luminor, SEB, LHV ja Coop Pank<\/p>\n\n\t\t<\/div>\n\t<\/div>\n<\/div><\/div><\/div><\/div>\n<\/div>","protected":false},"excerpt":{"rendered":"Shopping and Payment Methods Why buy from Ardesia? Highest range of car parts from popular brands with the best prices Reliable and well-known brand \u2013 the largest salvage car parts shop in Estonia! How to buy? Shopping at Ardesia e-shop is easy If you are a registered user, you will receive loyalty offers from us [...]","protected":false},"author":1,"featured_media":0,"parent":0,"menu_order":0,"comment_status":"closed","ping_status":"closed","template":"","meta":{"_acf_changed":false,"footnotes":""},"class_list":["post-12965","page","type-page","status-publish","hentry"],"acf":[],"_links":{"self":[{"href":"https:\/\/ardesia.ee\/et\/wp-json\/wp\/v2\/pages\/12965","targetHints":{"allow":["GET"]}}],"collection":[{"href":"https:\/\/ardesia.ee\/et\/wp-json\/wp\/v2\/pages"}],"about":[{"href":"https:\/\/ardesia.ee\/et\/wp-json\/wp\/v2\/types\/page"}],"author":[{"embeddable":true,"href":"https:\/\/ardesia.ee\/et\/wp-json\/wp\/v2\/users\/1"}],"replies":[{"embeddable":true,"href":"https:\/\/ardesia.ee\/et\/wp-json\/wp\/v2\/comments?post=12965"}],"version-history":[{"count":0,"href":"https:\/\/ardesia.ee\/et\/wp-json\/wp\/v2\/pages\/12965\/revisions"}],"wp:attachment":[{"href":"https:\/\/ardesia.ee\/et\/wp-json\/wp\/v2\/media?parent=12965"}],"curies":[{"name":"wp","href":"https:\/\/api.w.org\/{rel}","templated":true}]}}