{"id":3834,"date":"2021-09-10T18:23:23","date_gmt":"2021-09-10T15:23:23","guid":{"rendered":"https:\/\/ardesia.ee\/?page_id=3834"},"modified":"2022-01-06T13:50:13","modified_gmt":"2022-01-06T11:50:13","slug":"terms-of-purchase","status":"publish","type":"page","link":"https:\/\/ardesia.ee\/et\/terms-of-purchase\/","title":{"rendered":"Ostutingimused"},"content":{"rendered":"<div class=\"wpb-content-wrapper\"><div class=\"vc_row wpb_row vc_row-fluid\"><div class=\"wpb_column vc_column_container vc_col-sm-12\"><div class=\"vc_column-inner\"><div class=\"wpb_wrapper\">\n\t<div class=\"wpb_text_column wpb_content_element\" >\n\t\t<div class=\"wpb_wrapper\">\n\t\t\t<h2>Ostutingimused<\/h2>\n<h2>1.<\/h2>\n<p>E-poest ostetud kaupadele kehtib 14 p\u00e4evane tagastus\u00f5igus.<br \/>\nLisainfo: <a href=\"https:\/\/www.ttja.ee\/\" target=\"_blank\" rel=\"noopener\">www.ttja.ee<\/a><\/p>\n<h2>2.<\/h2>\n<p>Tagastatavad osad peavad olema samas konfiguratsioonis, nad ei tohi olla lahti v\u00f5etud ega kahjustatud. Ardesia O\u00dc markeeringud peavad samuti olema paigas ja korras. V\u00f5la\u00f5igusseaduse (\u00a753 lg4 p 2 ja 3 [2]) j\u00e4rgi ei tohi tagastada toote, mis on valmistatud tarbija tingimustel, n\u00e4iteks me ei saa tagastada v\u00f5i vahetada detaile, mis on l\u00f5igatud autokerest kliendi soovil.<\/p>\n<h2>3.<\/h2>\n<p>Tagastatav kaup peab olema kahjustamata ja algses komplektatsioonis. Vastasel juhul vastutab klient kauba v\u00e4\u00e4rtuse v\u00e4hendamise eest ja m\u00fc\u00fcjal on \u00f5igus see summa tagastatavast ostuhinnast maha arvata. Tagastamisel kantakse Kliendile raha tagasi hiljemalt 7 t\u00f6\u00f6p\u00e4eva jooksul toote tagastamisest v\u00f5i t\u00f5endi esitamisest, et klient on toote tagasi saatnud. Raha kantakse \u00fcle samale arvelduskontole, millelt toimus selle laekumine Poe haldajale.<\/p>\n<h2>4.<\/h2>\n<p>Kaupade tagastamisel ei kata Poe haldaja kulusid, mis h\u00f5lmavad: transporti, varuosa paigaldamist\/testimist ja eemaldamist.<\/p>\n<p><strong>Pretensiooni esitamise aeg 2 aastat<\/strong><\/p>\n\n\t\t<\/div>\n\t<\/div>\n<\/div><\/div><\/div><\/div>\n<\/div>","protected":false},"excerpt":{"rendered":"Terms of Purchase 1. All products purchased on our online store have a 14-day return policy. Additional info: www.ttja.ee 2. Returned parts must be in the same configuration and must not be disassembled or damaged. The markings of Ardesia O\u00dc must also be in place and in order. According to the Law of Obligations Act [...]","protected":false},"author":1,"featured_media":0,"parent":0,"menu_order":0,"comment_status":"closed","ping_status":"closed","template":"","meta":{"_acf_changed":false,"footnotes":""},"class_list":["post-3834","page","type-page","status-publish","hentry"],"acf":[],"_links":{"self":[{"href":"https:\/\/ardesia.ee\/et\/wp-json\/wp\/v2\/pages\/3834","targetHints":{"allow":["GET"]}}],"collection":[{"href":"https:\/\/ardesia.ee\/et\/wp-json\/wp\/v2\/pages"}],"about":[{"href":"https:\/\/ardesia.ee\/et\/wp-json\/wp\/v2\/types\/page"}],"author":[{"embeddable":true,"href":"https:\/\/ardesia.ee\/et\/wp-json\/wp\/v2\/users\/1"}],"replies":[{"embeddable":true,"href":"https:\/\/ardesia.ee\/et\/wp-json\/wp\/v2\/comments?post=3834"}],"version-history":[{"count":0,"href":"https:\/\/ardesia.ee\/et\/wp-json\/wp\/v2\/pages\/3834\/revisions"}],"wp:attachment":[{"href":"https:\/\/ardesia.ee\/et\/wp-json\/wp\/v2\/media?parent=3834"}],"curies":[{"name":"wp","href":"https:\/\/api.w.org\/{rel}","templated":true}]}}